{"id":1524,"date":"2024-07-05T15:14:19","date_gmt":"2024-07-05T15:14:19","guid":{"rendered":"https:\/\/ubiswiss.org\/donazioni\/"},"modified":"2024-07-30T22:05:57","modified_gmt":"2024-07-30T22:05:57","slug":"donazioni","status":"publish","type":"page","link":"https:\/\/ubiswiss.org\/it\/donazioni\/","title":{"rendered":"Donazioni"},"content":{"rendered":"\t\t<div data-elementor-type=\"wp-page\" data-elementor-id=\"1524\" class=\"elementor elementor-1524 elementor-1497\" data-elementor-post-type=\"page\">\n\t\t\t\t<div class=\"elementor-element elementor-element-6f10da9 e-grid elementor-hidden-tablet elementor-hidden-mobile e-con-boxed e-con e-parent\" data-id=\"6f10da9\" data-element_type=\"container\" data-settings=\"{&quot;background_background&quot;:&quot;classic&quot;}\">\n\t\t\t\t\t<div class=\"e-con-inner\">\n\t\t\t\t\t<\/div>\n\t\t\t\t<\/div>\n\t\t<div class=\"elementor-element elementor-element-5534cd7 e-grid elementor-hidden-desktop e-con-boxed e-con e-parent\" data-id=\"5534cd7\" data-element_type=\"container\" data-settings=\"{&quot;background_background&quot;:&quot;classic&quot;}\">\n\t\t\t\t\t<div class=\"e-con-inner\">\n\t\t\t\t\t<\/div>\n\t\t\t\t<\/div>\n\t\t<div class=\"elementor-element elementor-element-4b78c47 e-flex e-con-boxed e-con e-parent\" data-id=\"4b78c47\" data-element_type=\"container\" data-settings=\"{&quot;background_background&quot;:&quot;classic&quot;}\">\n\t\t\t\t\t<div class=\"e-con-inner\">\n\t\t<div class=\"elementor-element elementor-element-2b5c4e1 e-con-full e-flex e-con e-child\" data-id=\"2b5c4e1\" data-element_type=\"container\" data-settings=\"{&quot;background_background&quot;:&quot;classic&quot;}\">\n\t\t\t\t<div class=\"elementor-element elementor-element-a078d2c elementor-widget__width-initial elementor-widget elementor-widget-heading\" data-id=\"a078d2c\" data-element_type=\"widget\" data-widget_type=\"heading.default\">\n\t\t\t\t<div class=\"elementor-widget-container\">\n\t\t\t\t\t<h2 class=\"elementor-heading-title elementor-size-default\">\u00danete a Nuestra Misi\u00f3n<\/h2>\t\t\t\t<\/div>\n\t\t\t\t<\/div>\n\t\t\t\t<\/div>\n\t\t<div class=\"elementor-element elementor-element-a6afb39 e-con-full e-flex e-con e-child\" data-id=\"a6afb39\" data-element_type=\"container\" data-settings=\"{&quot;background_background&quot;:&quot;classic&quot;}\">\n\t\t\t\t<div class=\"elementor-element elementor-element-dadef41 elementor-widget elementor-widget-text-editor\" data-id=\"dadef41\" data-element_type=\"widget\" data-widget_type=\"text-editor.default\">\n\t\t\t\t<div class=\"elementor-widget-container\">\n\t\t\t\t\t\t\t\t\t<p>En UBI Swiss, trabajamos incansablemente para mejorar la calidad de vida en comunidades rurales de pa\u00edses en desarrollo. Nuestro enfoque se centra en:<\/p>\n\t\t\t\t\t\t\t\t<\/div>\n\t\t\t\t<\/div>\n\t\t\t\t<\/div>\n\t\t\t\t\t<\/div>\n\t\t\t\t<\/div>\n\t\t<div class=\"elementor-element elementor-element-0077dc1 elementor-hidden-tablet elementor-hidden-mobile e-flex e-con-boxed e-con e-parent\" data-id=\"0077dc1\" data-element_type=\"container\">\n\t\t\t\t\t<div class=\"e-con-inner\">\n\t\t<div class=\"elementor-element elementor-element-de7c61e e-flex e-con-boxed e-con e-child\" data-id=\"de7c61e\" data-element_type=\"container\">\n\t\t\t\t\t<div class=\"e-con-inner\">\n\t\t\t\t<div class=\"elementor-element elementor-element-5600451 elementor-widget elementor-widget-image\" data-id=\"5600451\" data-element_type=\"widget\" data-widget_type=\"image.default\">\n\t\t\t\t<div class=\"elementor-widget-container\">\n\t\t\t\t\t\t\t\t\t\t\t\t\t\t\t<img fetchpriority=\"high\" decoding=\"async\" width=\"768\" height=\"1024\" src=\"https:\/\/ubiswiss.org\/wp-content\/uploads\/2024\/06\/nina-con-gato-ubi-swiss-768x1024.jpeg\" class=\"attachment-large size-large wp-image-728\" alt=\"nin\u0303a con gato ubi swiss\" srcset=\"https:\/\/ubiswiss.org\/wp-content\/uploads\/2024\/06\/nina-con-gato-ubi-swiss-768x1024.jpeg 768w, https:\/\/ubiswiss.org\/wp-content\/uploads\/2024\/06\/nina-con-gato-ubi-swiss-225x300.jpeg 225w, https:\/\/ubiswiss.org\/wp-content\/uploads\/2024\/06\/nina-con-gato-ubi-swiss-1152x1536.jpeg 1152w, https:\/\/ubiswiss.org\/wp-content\/uploads\/2024\/06\/nina-con-gato-ubi-swiss-1536x2048.jpeg 1536w, https:\/\/ubiswiss.org\/wp-content\/uploads\/2024\/06\/nina-con-gato-ubi-swiss-scaled.jpeg 1920w\" sizes=\"(max-width: 768px) 100vw, 768px\" \/>\t\t\t\t\t\t\t\t\t\t\t\t\t\t\t<\/div>\n\t\t\t\t<\/div>\n\t\t\t\t\t<\/div>\n\t\t\t\t<\/div>\n\t\t<div class=\"elementor-element elementor-element-5d9d55a e-flex e-con-boxed e-con e-child\" data-id=\"5d9d55a\" data-element_type=\"container\" data-settings=\"{&quot;background_background&quot;:&quot;classic&quot;}\">\n\t\t\t\t\t<div class=\"e-con-inner\">\n\t\t<div class=\"elementor-element elementor-element-fbc6e2e e-con-full e-flex e-con e-child\" data-id=\"fbc6e2e\" data-element_type=\"container\">\n\t\t\t\t<div class=\"elementor-element elementor-element-e29f0a1 elementor-widget elementor-widget-heading\" data-id=\"e29f0a1\" data-element_type=\"widget\" data-widget_type=\"heading.default\">\n\t\t\t\t<div class=\"elementor-widget-container\">\n\t\t\t\t\t<p class=\"elementor-heading-title elementor-size-default\">Reddito di base incondizionato<\/p>\t\t\t\t<\/div>\n\t\t\t\t<\/div>\n\t\t\t\t<div class=\"elementor-element elementor-element-276b347 elementor-widget elementor-widget-text-editor\" data-id=\"276b347\" data-element_type=\"widget\" data-widget_type=\"text-editor.default\">\n\t\t\t\t<div class=\"elementor-widget-container\">\n\t\t\t\t\t\t\t\t\t<p>fornire sostegno economico alle famiglie in condizioni di estrema povert\u00e0.<\/p>\n\t\t\t\t\t\t\t\t<\/div>\n\t\t\t\t<\/div>\n\t\t\t\t<div class=\"elementor-element elementor-element-b7565bc elementor-widget elementor-widget-heading\" data-id=\"b7565bc\" data-element_type=\"widget\" data-widget_type=\"heading.default\">\n\t\t\t\t<div class=\"elementor-widget-container\">\n\t\t\t\t\t<p class=\"elementor-heading-title elementor-size-default\">Infrastrutture di base<\/p>\t\t\t\t<\/div>\n\t\t\t\t<\/div>\n\t\t\t\t<div class=\"elementor-element elementor-element-c0be160 elementor-widget elementor-widget-text-editor\" data-id=\"c0be160\" data-element_type=\"widget\" data-widget_type=\"text-editor.default\">\n\t\t\t\t<div class=\"elementor-widget-container\">\n\t\t\t\t\t\t\t\t\t<p>costruzione di servizi igienici, fosse settiche e cucine senza fumo.<\/p>\n\t\t\t\t\t\t\t\t<\/div>\n\t\t\t\t<\/div>\n\t\t\t\t<div class=\"elementor-element elementor-element-233a967 elementor-widget elementor-widget-heading\" data-id=\"233a967\" data-element_type=\"widget\" data-widget_type=\"heading.default\">\n\t\t\t\t<div class=\"elementor-widget-container\">\n\t\t\t\t\t<p class=\"elementor-heading-title elementor-size-default\">Salute e istruzione<\/p>\t\t\t\t<\/div>\n\t\t\t\t<\/div>\n\t\t\t\t<div class=\"elementor-element elementor-element-0e77d34 elementor-widget elementor-widget-text-editor\" data-id=\"0e77d34\" data-element_type=\"widget\" data-widget_type=\"text-editor.default\">\n\t\t\t\t<div class=\"elementor-widget-container\">\n\t\t\t\t\t\t\t\t\t<p>assistenza medica di base, cure dentistiche e borse di studio.<\/p>\n\t\t\t\t\t\t\t\t<\/div>\n\t\t\t\t<\/div>\n\t\t\t\t<div class=\"elementor-element elementor-element-553364f elementor-widget elementor-widget-heading\" data-id=\"553364f\" data-element_type=\"widget\" data-widget_type=\"heading.default\">\n\t\t\t\t<div class=\"elementor-widget-container\">\n\t\t\t\t\t<p class=\"elementor-heading-title elementor-size-default\">Conservazione culturale<\/p>\t\t\t\t<\/div>\n\t\t\t\t<\/div>\n\t\t\t\t<div class=\"elementor-element elementor-element-7b03178 elementor-widget elementor-widget-text-editor\" data-id=\"7b03178\" data-element_type=\"widget\" data-widget_type=\"text-editor.default\">\n\t\t\t\t<div class=\"elementor-widget-container\">\n\t\t\t\t\t\t\t\t\t<p>promozione della diversit\u00e0 culturale e dell&#8217;artigianato equo e solidale.<\/p>\n\t\t\t\t\t\t\t\t<\/div>\n\t\t\t\t<\/div>\n\t\t\t\t<\/div>\n\t\t\t\t\t<\/div>\n\t\t\t\t<\/div>\n\t\t\t\t\t<\/div>\n\t\t\t\t<\/div>\n\t\t<div class=\"elementor-element elementor-element-d330675 elementor-hidden-desktop e-con-full e-flex e-con e-parent\" data-id=\"d330675\" data-element_type=\"container\">\n\t\t<div class=\"elementor-element elementor-element-14334a3 e-flex e-con-boxed e-con e-child\" data-id=\"14334a3\" data-element_type=\"container\">\n\t\t\t\t\t<div class=\"e-con-inner\">\n\t\t\t\t<div class=\"elementor-element elementor-element-b7857ce elementor-widget elementor-widget-image\" data-id=\"b7857ce\" data-element_type=\"widget\" data-widget_type=\"image.default\">\n\t\t\t\t<div class=\"elementor-widget-container\">\n\t\t\t\t\t\t\t\t\t\t\t\t\t\t\t<img fetchpriority=\"high\" decoding=\"async\" width=\"768\" height=\"1024\" src=\"https:\/\/ubiswiss.org\/wp-content\/uploads\/2024\/06\/nina-con-gato-ubi-swiss-768x1024.jpeg\" class=\"attachment-large size-large wp-image-728\" alt=\"nin\u0303a con gato ubi swiss\" srcset=\"https:\/\/ubiswiss.org\/wp-content\/uploads\/2024\/06\/nina-con-gato-ubi-swiss-768x1024.jpeg 768w, https:\/\/ubiswiss.org\/wp-content\/uploads\/2024\/06\/nina-con-gato-ubi-swiss-225x300.jpeg 225w, https:\/\/ubiswiss.org\/wp-content\/uploads\/2024\/06\/nina-con-gato-ubi-swiss-1152x1536.jpeg 1152w, https:\/\/ubiswiss.org\/wp-content\/uploads\/2024\/06\/nina-con-gato-ubi-swiss-1536x2048.jpeg 1536w, https:\/\/ubiswiss.org\/wp-content\/uploads\/2024\/06\/nina-con-gato-ubi-swiss-scaled.jpeg 1920w\" sizes=\"(max-width: 768px) 100vw, 768px\" \/>\t\t\t\t\t\t\t\t\t\t\t\t\t\t\t<\/div>\n\t\t\t\t<\/div>\n\t\t\t\t\t<\/div>\n\t\t\t\t<\/div>\n\t\t<div class=\"elementor-element elementor-element-44d189c e-flex e-con-boxed e-con e-child\" data-id=\"44d189c\" data-element_type=\"container\" data-settings=\"{&quot;background_background&quot;:&quot;classic&quot;}\">\n\t\t\t\t\t<div class=\"e-con-inner\">\n\t\t<div class=\"elementor-element elementor-element-c5aa846 e-flex e-con-boxed e-con e-child\" data-id=\"c5aa846\" data-element_type=\"container\">\n\t\t\t\t\t<div class=\"e-con-inner\">\n\t\t\t\t<div class=\"elementor-element elementor-element-a52f704 elementor-widget elementor-widget-heading\" data-id=\"a52f704\" data-element_type=\"widget\" data-widget_type=\"heading.default\">\n\t\t\t\t<div class=\"elementor-widget-container\">\n\t\t\t\t\t<p class=\"elementor-heading-title elementor-size-default\">Reddito di base incondizionato<\/p>\t\t\t\t<\/div>\n\t\t\t\t<\/div>\n\t\t\t\t<div class=\"elementor-element elementor-element-53ce8c6 elementor-widget elementor-widget-text-editor\" data-id=\"53ce8c6\" data-element_type=\"widget\" data-widget_type=\"text-editor.default\">\n\t\t\t\t<div class=\"elementor-widget-container\">\n\t\t\t\t\t\t\t\t\t<p>fornire sostegno economico alle famiglie in condizioni di estrema povert\u00e0.<\/p>\n\t\t\t\t\t\t\t\t<\/div>\n\t\t\t\t<\/div>\n\t\t\t\t<div class=\"elementor-element elementor-element-51ee0db elementor-widget elementor-widget-heading\" data-id=\"51ee0db\" data-element_type=\"widget\" data-widget_type=\"heading.default\">\n\t\t\t\t<div class=\"elementor-widget-container\">\n\t\t\t\t\t<p class=\"elementor-heading-title elementor-size-default\">Infrastrutture di base<\/p>\t\t\t\t<\/div>\n\t\t\t\t<\/div>\n\t\t\t\t<div class=\"elementor-element elementor-element-6c3d513 elementor-widget elementor-widget-text-editor\" data-id=\"6c3d513\" data-element_type=\"widget\" data-widget_type=\"text-editor.default\">\n\t\t\t\t<div class=\"elementor-widget-container\">\n\t\t\t\t\t\t\t\t\t<p>costruzione di servizi igienici, fosse settiche e cucine senza fumo.<\/p>\n\t\t\t\t\t\t\t\t<\/div>\n\t\t\t\t<\/div>\n\t\t\t\t<div class=\"elementor-element elementor-element-c1d435c elementor-widget elementor-widget-heading\" data-id=\"c1d435c\" data-element_type=\"widget\" data-widget_type=\"heading.default\">\n\t\t\t\t<div class=\"elementor-widget-container\">\n\t\t\t\t\t<p class=\"elementor-heading-title elementor-size-default\">Salute e istruzione<\/p>\t\t\t\t<\/div>\n\t\t\t\t<\/div>\n\t\t\t\t<div class=\"elementor-element elementor-element-a9cb768 elementor-widget elementor-widget-text-editor\" data-id=\"a9cb768\" data-element_type=\"widget\" data-widget_type=\"text-editor.default\">\n\t\t\t\t<div class=\"elementor-widget-container\">\n\t\t\t\t\t\t\t\t\t<p>assistenza medica di base, cure dentistiche e borse di studio.<\/p>\n\t\t\t\t\t\t\t\t<\/div>\n\t\t\t\t<\/div>\n\t\t\t\t<div class=\"elementor-element elementor-element-02b7950 elementor-widget elementor-widget-heading\" data-id=\"02b7950\" data-element_type=\"widget\" data-widget_type=\"heading.default\">\n\t\t\t\t<div class=\"elementor-widget-container\">\n\t\t\t\t\t<p class=\"elementor-heading-title elementor-size-default\">Conservazione culturale<\/p>\t\t\t\t<\/div>\n\t\t\t\t<\/div>\n\t\t\t\t<div class=\"elementor-element elementor-element-a89e10d elementor-widget elementor-widget-text-editor\" data-id=\"a89e10d\" data-element_type=\"widget\" data-widget_type=\"text-editor.default\">\n\t\t\t\t<div class=\"elementor-widget-container\">\n\t\t\t\t\t\t\t\t\t<p>promozione della diversit\u00e0 culturale e dell&#8217;artigianato equo e solidale.<\/p>\n\t\t\t\t\t\t\t\t<\/div>\n\t\t\t\t<\/div>\n\t\t\t\t\t<\/div>\n\t\t\t\t<\/div>\n\t\t\t\t\t<\/div>\n\t\t\t\t<\/div>\n\t\t\t\t<\/div>\n\t\t<div class=\"elementor-element elementor-element-d02c0d8 e-flex e-con-boxed e-con e-parent\" data-id=\"d02c0d8\" data-element_type=\"container\">\n\t\t\t\t\t<div class=\"e-con-inner\">\n\t\t<div class=\"elementor-element elementor-element-f10b879 e-con-full e-flex e-con e-child\" data-id=\"f10b879\" data-element_type=\"container\" data-settings=\"{&quot;background_background&quot;:&quot;classic&quot;}\">\n\t\t<div class=\"elementor-element elementor-element-a147dae e-con-full e-flex e-con e-child\" data-id=\"a147dae\" data-element_type=\"container\" data-settings=\"{&quot;background_background&quot;:&quot;classic&quot;}\">\n\t\t\t\t<div class=\"elementor-element elementor-element-9c9ff73 elementor-widget elementor-widget-heading\" data-id=\"9c9ff73\" data-element_type=\"widget\" data-widget_type=\"heading.default\">\n\t\t\t\t<div class=\"elementor-widget-container\">\n\t\t\t\t\t<h2 class=\"elementor-heading-title elementor-size-default\">Come Puoi Aiutare?<\/h2>\t\t\t\t<\/div>\n\t\t\t\t<\/div>\n\t\t\t\t<\/div>\n\t\t\t\t<div class=\"elementor-element elementor-element-4ba9b6c elementor-widget elementor-widget-text-editor\" data-id=\"4ba9b6c\" data-element_type=\"widget\" data-widget_type=\"text-editor.default\">\n\t\t\t\t<div class=\"elementor-widget-container\">\n\t\t\t\t\t\t\t\t\t<p>La vostra donazione fa la differenza. Con il vostro sostegno, possiamo espandere i nostri progetti e raggiungere altre comunit\u00e0 bisognose in Vietnam, Bolivia e altri Paesi dell&#8217;America Latina. Ogni contributo, piccolo o grande che sia, ci avvicina a un mondo pi\u00f9 giusto ed equo.<\/p>\n<ul>\n<li><span style=\"font-weight: 800; font-size: 17px;\">Donazioni una tantum:<\/span> per sostenere progetti specifici.<\/li>\n<li><span style=\"font-weight: 800; font-size: 17px;\">Donazioni ricorrenti:<\/span> Contribuire mensilmente per un impatto sostenibile.<\/li>\n<li><span style=\"font-weight: 800; font-size: 17px;\">Volontariato: <\/span> partecipa attivamente alle nostre iniziative sul campo.<\/li>\n<\/ul>\n\t\t\t\t\t\t\t\t<\/div>\n\t\t\t\t<\/div>\n\t\t<div class=\"elementor-element elementor-element-9567ad6 e-con-full e-flex e-con e-child\" data-id=\"9567ad6\" data-element_type=\"container\" data-settings=\"{&quot;background_background&quot;:&quot;classic&quot;}\">\n\t\t\t\t<div class=\"elementor-element elementor-element-808bf9a elementor-widget elementor-widget-heading\" data-id=\"808bf9a\" data-element_type=\"widget\" data-widget_type=\"heading.default\">\n\t\t\t\t<div class=\"elementor-widget-container\">\n\t\t\t\t\t<h2 class=\"elementor-heading-title elementor-size-default\">Trasparenza e risultati<\/h2>\t\t\t\t<\/div>\n\t\t\t\t<\/div>\n\t\t\t\t<\/div>\n\t\t<div class=\"elementor-element elementor-element-a3ba541 e-con-full e-flex e-con e-child\" data-id=\"a3ba541\" data-element_type=\"container\" data-settings=\"{&quot;background_background&quot;:&quot;classic&quot;}\">\n\t\t\t\t<div class=\"elementor-element elementor-element-a068b07 elementor-widget elementor-widget-text-editor\" data-id=\"a068b07\" data-element_type=\"widget\" data-widget_type=\"text-editor.default\">\n\t\t\t\t<div class=\"elementor-widget-container\">\n\t\t\t\t\t\t\t\t\t<p>Ci impegniamo a mantenere la trasparenza nell&#8217;utilizzo dei fondi e a condividere i risultati ottenuti grazie al vostro sostegno. Pubblichiamo regolarmente relazioni e aggiornamenti sull&#8217;impatto delle nostre attivit\u00e0.<\/p>\n\t\t\t\t\t\t\t\t<\/div>\n\t\t\t\t<\/div>\n\t\t\t\t<\/div>\n\t\t\t\t<\/div>\n\t\t\t\t\t<\/div>\n\t\t\t\t<\/div>\n\t\t<div class=\"elementor-element elementor-element-e69bdc8 e-flex e-con-boxed e-con e-parent\" data-id=\"e69bdc8\" data-element_type=\"container\">\n\t\t\t\t\t<div class=\"e-con-inner\">\n\t\t<div class=\"elementor-element elementor-element-ba4878f e-flex e-con-boxed e-con e-child\" data-id=\"ba4878f\" data-element_type=\"container\">\n\t\t\t\t\t<div class=\"e-con-inner\">\n\t\t\t\t<div class=\"elementor-element elementor-element-82e689b elementor-widget elementor-widget-image\" data-id=\"82e689b\" data-element_type=\"widget\" data-widget_type=\"image.default\">\n\t\t\t\t<div class=\"elementor-widget-container\">\n\t\t\t\t\t\t\t\t\t\t\t\t\t\t\t<img decoding=\"async\" width=\"800\" height=\"666\" src=\"https:\/\/ubiswiss.org\/wp-content\/uploads\/2024\/07\/ubi-swiss-donaciones-scaled-e1720194345731-1024x853.jpg\" class=\"attachment-large size-large wp-image-1508\" alt=\"ubi swiss donaciones\" srcset=\"https:\/\/ubiswiss.org\/wp-content\/uploads\/2024\/07\/ubi-swiss-donaciones-scaled-e1720194345731-1024x853.jpg 1024w, https:\/\/ubiswiss.org\/wp-content\/uploads\/2024\/07\/ubi-swiss-donaciones-scaled-e1720194345731-300x250.jpg 300w, https:\/\/ubiswiss.org\/wp-content\/uploads\/2024\/07\/ubi-swiss-donaciones-scaled-e1720194345731-768x640.jpg 768w, https:\/\/ubiswiss.org\/wp-content\/uploads\/2024\/07\/ubi-swiss-donaciones-scaled-e1720194345731-1536x1280.jpg 1536w, https:\/\/ubiswiss.org\/wp-content\/uploads\/2024\/07\/ubi-swiss-donaciones-scaled-e1720194345731.jpg 1920w\" sizes=\"(max-width: 800px) 100vw, 800px\" \/>\t\t\t\t\t\t\t\t\t\t\t\t\t\t\t<\/div>\n\t\t\t\t<\/div>\n\t\t\t\t\t<\/div>\n\t\t\t\t<\/div>\n\t\t<div class=\"elementor-element elementor-element-a7350f3 e-flex e-con-boxed e-con e-child\" data-id=\"a7350f3\" data-element_type=\"container\">\n\t\t\t\t\t<div class=\"e-con-inner\">\n\t\t<div class=\"elementor-element elementor-element-5dc384f e-con-full e-flex e-con e-child\" data-id=\"5dc384f\" data-element_type=\"container\" data-settings=\"{&quot;background_background&quot;:&quot;classic&quot;}\">\n\t\t\t\t<div class=\"elementor-element elementor-element-fe6992a elementor-widget elementor-widget-heading\" data-id=\"fe6992a\" data-element_type=\"widget\" data-widget_type=\"heading.default\">\n\t\t\t\t<div class=\"elementor-widget-container\">\n\t\t\t\t\t<h2 class=\"elementor-heading-title elementor-size-default\">Unitevi alla nostra causa<\/h2>\t\t\t\t<\/div>\n\t\t\t\t<\/div>\n\t\t\t\t<div class=\"elementor-element elementor-element-5039928 elementor-widget elementor-widget-text-editor\" data-id=\"5039928\" data-element_type=\"widget\" data-widget_type=\"text-editor.default\">\n\t\t\t\t<div class=\"elementor-widget-container\">\n\t\t\t\t\t\t\t\t\t<p>Insieme, possiamo trasformare le vite e costruire un futuro pi\u00f9 sano e prospero per tutti. Donate oggi stesso e fate parte del cambiamento!<\/p><\/p>\n\t\t\t\t\t\t\t\t<\/div>\n\t\t\t\t<\/div>\n\t\t\t\t<div class=\"elementor-element elementor-element-5876fb2 elementor-widget elementor-widget-heading\" data-id=\"5876fb2\" data-element_type=\"widget\" data-widget_type=\"heading.default\">\n\t\t\t\t<div class=\"elementor-widget-container\">\n\t\t\t\t\t<h2 class=\"elementor-heading-title elementor-size-default\">Dona ora<\/h2>\t\t\t\t<\/div>\n\t\t\t\t<\/div>\n\t\t\t\t<div class=\"elementor-element elementor-element-f718089 elementor-widget elementor-widget-text-editor\" data-id=\"f718089\" data-element_type=\"widget\" data-widget_type=\"text-editor.default\">\n\t\t\t\t<div class=\"elementor-widget-container\">\n\t\t\t\t\t\t\t\t\t<p>Per maggiori informazioni sulle modalit\u00e0 di donazione, contattaci attraverso la nostra <a href=\"https:\/\/ubiswiss.org\/it\/contatti\/\">pagina dei contatti <\/a><\/p>\n\t\t\t\t\t\t\t\t<\/div>\n\t\t\t\t<\/div>\n\t\t\t\t<div class=\"elementor-element elementor-element-9bf892f elementor-icon-list--layout-traditional elementor-list-item-link-full_width elementor-widget elementor-widget-icon-list\" data-id=\"9bf892f\" data-element_type=\"widget\" data-widget_type=\"icon-list.default\">\n\t\t\t\t<div class=\"elementor-widget-container\">\n\t\t\t\t\t\t\t<ul class=\"elementor-icon-list-items\">\n\t\t\t\t\t\t\t<li class=\"elementor-icon-list-item\">\n\t\t\t\t\t\t\t\t\t\t\t<a href=\"mailto:info@ubiswiss.org\">\n\n\t\t\t\t\t\t\t\t\t\t\t\t<span class=\"elementor-icon-list-icon\">\n\t\t\t\t\t\t\t<svg aria-hidden=\"true\" class=\"e-font-icon-svg e-fas-mail-bulk\" viewBox=\"0 0 576 512\" xmlns=\"http:\/\/www.w3.org\/2000\/svg\"><path d=\"M160 448c-25.6 0-51.2-22.4-64-32-64-44.8-83.2-60.8-96-70.4V480c0 17.67 14.33 32 32 32h256c17.67 0 32-14.33 32-32V345.6c-12.8 9.6-32 25.6-96 70.4-12.8 9.6-38.4 32-64 32zm128-192H32c-17.67 0-32 14.33-32 32v16c25.6 19.2 22.4 19.2 115.2 86.4 9.6 6.4 28.8 25.6 44.8 25.6s35.2-19.2 44.8-22.4c92.8-67.2 89.6-67.2 115.2-86.4V288c0-17.67-14.33-32-32-32zm256-96H224c-17.67 0-32 14.33-32 32v32h96c33.21 0 60.59 25.42 63.71 57.82l.29-.22V416h192c17.67 0 32-14.33 32-32V192c0-17.67-14.33-32-32-32zm-32 128h-64v-64h64v64zm-352-96c0-35.29 28.71-64 64-64h224V32c0-17.67-14.33-32-32-32H96C78.33 0 64 14.33 64 32v192h96v-32z\"><\/path><\/svg>\t\t\t\t\t\t<\/span>\n\t\t\t\t\t\t\t\t\t\t<span class=\"elementor-icon-list-text\">info@ubiswiss.org<\/span>\n\t\t\t\t\t\t\t\t\t\t\t<\/a>\n\t\t\t\t\t\t\t\t\t<\/li>\n\t\t\t\t\t\t\t\t<li class=\"elementor-icon-list-item\">\n\t\t\t\t\t\t\t\t\t\t\t<span class=\"elementor-icon-list-icon\">\n\t\t\t\t\t\t\t<svg aria-hidden=\"true\" class=\"e-font-icon-svg e-fas-phone-alt\" viewBox=\"0 0 512 512\" xmlns=\"http:\/\/www.w3.org\/2000\/svg\"><path d=\"M497.39 361.8l-112-48a24 24 0 0 0-28 6.9l-49.6 60.6A370.66 370.66 0 0 1 130.6 204.11l60.6-49.6a23.94 23.94 0 0 0 6.9-28l-48-112A24.16 24.16 0 0 0 122.6.61l-104 24A24 24 0 0 0 0 48c0 256.5 207.9 464 464 464a24 24 0 0 0 23.4-18.6l24-104a24.29 24.29 0 0 0-14.01-27.6z\"><\/path><\/svg>\t\t\t\t\t\t<\/span>\n\t\t\t\t\t\t\t\t\t\t<span class=\"elementor-icon-list-text\">+41 22 123 4567<\/span>\n\t\t\t\t\t\t\t\t\t<\/li>\n\t\t\t\t\t\t<\/ul>\n\t\t\t\t\t\t<\/div>\n\t\t\t\t<\/div>\n\t\t\t\t<\/div>\n\t\t\t\t\t<\/div>\n\t\t\t\t<\/div>\n\t\t\t\t\t<\/div>\n\t\t\t\t<\/div>\n\t\t<div class=\"elementor-element elementor-element-50aa34c e-flex e-con-boxed e-con e-parent\" data-id=\"50aa34c\" data-element_type=\"container\" data-settings=\"{&quot;background_background&quot;:&quot;classic&quot;}\">\n\t\t\t\t\t<div class=\"e-con-inner\">\n\t\t\t\t<div class=\"elementor-element elementor-element-1c04760 elementor-widget elementor-widget-spacer\" data-id=\"1c04760\" data-element_type=\"widget\" data-widget_type=\"spacer.default\">\n\t\t\t\t<div class=\"elementor-widget-container\">\n\t\t\t\t\t\t\t<div class=\"elementor-spacer\">\n\t\t\t<div class=\"elementor-spacer-inner\"><\/div>\n\t\t<\/div>\n\t\t\t\t\t\t<\/div>\n\t\t\t\t<\/div>\n\t\t\t\t\t<\/div>\n\t\t\t\t<\/div>\n\t\t\t\t<\/div>\n\t\t","protected":false},"excerpt":{"rendered":"<p>\u00danete a Nuestra Misi\u00f3n En UBI Swiss, trabajamos incansablemente para mejorar la calidad de vida en comunidades rurales de pa\u00edses en desarrollo. Nuestro enfoque se centra en: Reddito di base incondizionato fornire sostegno economico alle famiglie in condizioni di estrema povert\u00e0. Infrastrutture di base costruzione di servizi igienici, fosse settiche e cucine senza fumo. Salute [&hellip;]<\/p>\n","protected":false},"author":2,"featured_media":0,"parent":0,"menu_order":0,"comment_status":"closed","ping_status":"closed","template":"","meta":{"footnotes":""},"class_list":["post-1524","page","type-page","status-publish","hentry"],"aioseo_notices":[],"_links":{"self":[{"href":"https:\/\/ubiswiss.org\/it\/wp-json\/wp\/v2\/pages\/1524","targetHints":{"allow":["GET"]}}],"collection":[{"href":"https:\/\/ubiswiss.org\/it\/wp-json\/wp\/v2\/pages"}],"about":[{"href":"https:\/\/ubiswiss.org\/it\/wp-json\/wp\/v2\/types\/page"}],"author":[{"embeddable":true,"href":"https:\/\/ubiswiss.org\/it\/wp-json\/wp\/v2\/users\/2"}],"replies":[{"embeddable":true,"href":"https:\/\/ubiswiss.org\/it\/wp-json\/wp\/v2\/comments?post=1524"}],"version-history":[{"count":12,"href":"https:\/\/ubiswiss.org\/it\/wp-json\/wp\/v2\/pages\/1524\/revisions"}],"predecessor-version":[{"id":3971,"href":"https:\/\/ubiswiss.org\/it\/wp-json\/wp\/v2\/pages\/1524\/revisions\/3971"}],"wp:attachment":[{"href":"https:\/\/ubiswiss.org\/it\/wp-json\/wp\/v2\/media?parent=1524"}],"curies":[{"name":"wp","href":"https:\/\/api.w.org\/{rel}","templated":true}]}}